{"id":3474,"date":"2022-06-25T00:19:18","date_gmt":"2022-06-25T00:19:18","guid":{"rendered":"https:\/\/ahappymonster.com\/?page_id=3474"},"modified":"2022-08-26T17:43:44","modified_gmt":"2022-08-26T17:43:44","slug":"privacy-notice","status":"publish","type":"page","link":"https:\/\/ahappymonster.com\/en\/privacy-notice\/","title":{"rendered":"Privacy Notice"},"content":{"rendered":"<p>Under the provisions of the &#8220;Federal Law for the Protection of Personal Information,&#8221; BLACK UNICORN SOCIEDAD CIVIL states to be a company duly incorporated under Mexican laws, located at Avenida Emilio Gustavo Baz 28, Colonia Independencia, Naucalp\u00e1n de Ju\u00e1rez, State of Mexico, C\u00f3digo Postal 53830; and to be responsible for the processing of your personal data (which you have provided to us by any means) and implementing the necessary measures to protect it. Therefore, our client&#8217;s information is strictly confidential when providing your personal data, such as full name, address, taxpayer identification number, home, office, mobile phones, and email. These will be used solely and exclusively for the following purposes:<\/p>\n<ul>\n<li>Information and Provision of Services.<\/li>\n<li>Updating the database.<\/li>\n<\/ul>\n<p>Any purpose similar to or compatible with the preceding ones. In case of sensitive data, such as financial data (income, bank statements, and other related), property data (tangible and intangible assets, and other related), personal data (spouse, marital status, nationality, education, children, and other related), and family and non-family references (name, address, telephone, relationship, etc.), they will be treated under applicable legislation of Mexico. Your personal data will not be provided to third parties if we do not have your consent when legally required. However, to fulfill these purposes and others that may be legally required, your data may be provided to third parties, ensuring that they are responsible for processing such data and its protection under applicable standards. You have the right to access, rectify, and cancel your personal data, as well as to object to the processing of such data or to revoke the consent you have given us for such purpose by sending an email to hola@ahappymonster.com BLACK UNICORN SOCIEDAD CIVIL may modify this Privacy Notice. However, any change that affects you will be notified through the Website <a href=\"https:\/\/ahappymonster.com\">www.ahappymonster.com<\/a> or the means of communication you provide.<\/p>\n","protected":false},"excerpt":{"rendered":"<p>Under the provisions of the &#8220;Federal Law for the Protection of Personal Information,&#8221; BLACK UNICORN SOCIEDAD CIVIL states to be a company duly incorporated under Mexican laws, located at Avenida Emilio Gustavo Baz 28, Colonia Independencia, Naucalp\u00e1n de Ju\u00e1rez, State of Mexico, C\u00f3digo Postal 53830; and to be responsible for the processing of your personal [&hellip;]<\/p>\n","protected":false},"author":1,"featured_media":0,"parent":0,"menu_order":0,"comment_status":"closed","ping_status":"closed","template":"","meta":{"footnotes":""},"yoast_head":"<!-- This site is optimized with the Yoast SEO plugin v19.5.1 - https:\/\/yoast.com\/wordpress\/plugins\/seo\/ -->\n<title>Privacy Notice - Happy Monster<\/title>\n<meta name=\"robots\" content=\"index, follow, max-snippet:-1, max-image-preview:large, max-video-preview:-1\" \/>\n<link rel=\"canonical\" href=\"https:\/\/ahappymonster.com\/en\/privacy-notice\/\" \/>\n<meta property=\"og:locale\" content=\"en_US\" \/>\n<meta property=\"og:type\" content=\"article\" \/>\n<meta property=\"og:title\" content=\"Privacy Notice - Happy Monster\" \/>\n<meta property=\"og:description\" content=\"Under the provisions of the &#8220;Federal Law for the Protection of Personal Information,&#8221; BLACK UNICORN SOCIEDAD CIVIL states to be a company duly incorporated under Mexican laws, located at Avenida Emilio Gustavo Baz 28, Colonia Independencia, Naucalp\u00e1n de Ju\u00e1rez, State of Mexico, C\u00f3digo Postal 53830; and to be responsible for the processing of your personal [&hellip;]\" \/>\n<meta property=\"og:url\" content=\"https:\/\/ahappymonster.com\/en\/privacy-notice\/\" \/>\n<meta property=\"og:site_name\" content=\"Happy Monster\" \/>\n<meta property=\"article:modified_time\" content=\"2022-08-26T17:43:44+00:00\" \/>\n<meta name=\"twitter:card\" content=\"summary_large_image\" \/>\n<meta name=\"twitter:label1\" content=\"Est. reading time\" \/>\n\t<meta name=\"twitter:data1\" content=\"2 minutes\" \/>\n<script type=\"application\/ld+json\" class=\"yoast-schema-graph\">{\"@context\":\"https:\/\/schema.org\",\"@graph\":[{\"@type\":\"WebPage\",\"@id\":\"https:\/\/ahappymonster.com\/en\/privacy-notice\/\",\"url\":\"https:\/\/ahappymonster.com\/en\/privacy-notice\/\",\"name\":\"Privacy Notice - Happy Monster\",\"isPartOf\":{\"@id\":\"https:\/\/ahappymonster.com\/#website\"},\"datePublished\":\"2022-06-25T00:19:18+00:00\",\"dateModified\":\"2022-08-26T17:43:44+00:00\",\"breadcrumb\":{\"@id\":\"https:\/\/ahappymonster.com\/en\/privacy-notice\/#breadcrumb\"},\"inLanguage\":\"en-US\",\"potentialAction\":[{\"@type\":\"ReadAction\",\"target\":[\"https:\/\/ahappymonster.com\/en\/privacy-notice\/\"]}]},{\"@type\":\"BreadcrumbList\",\"@id\":\"https:\/\/ahappymonster.com\/en\/privacy-notice\/#breadcrumb\",\"itemListElement\":[{\"@type\":\"ListItem\",\"position\":1,\"name\":\"Portada\",\"item\":\"https:\/\/ahappymonster.com\/en\/\"},{\"@type\":\"ListItem\",\"position\":2,\"name\":\"Privacy Notice\"}]},{\"@type\":\"WebSite\",\"@id\":\"https:\/\/ahappymonster.com\/#website\",\"url\":\"https:\/\/ahappymonster.com\/\",\"name\":\"Happy Monster\",\"description\":\"Casa productora de audio y video\",\"potentialAction\":[{\"@type\":\"SearchAction\",\"target\":{\"@type\":\"EntryPoint\",\"urlTemplate\":\"https:\/\/ahappymonster.com\/?s={search_term_string}\"},\"query-input\":\"required name=search_term_string\"}],\"inLanguage\":\"en-US\"}]}<\/script>\n<!-- \/ Yoast SEO plugin. -->","yoast_head_json":{"title":"Privacy Notice - Happy Monster","robots":{"index":"index","follow":"follow","max-snippet":"max-snippet:-1","max-image-preview":"max-image-preview:large","max-video-preview":"max-video-preview:-1"},"canonical":"https:\/\/ahappymonster.com\/en\/privacy-notice\/","og_locale":"en_US","og_type":"article","og_title":"Privacy Notice - Happy Monster","og_description":"Under the provisions of the &#8220;Federal Law for the Protection of Personal Information,&#8221; BLACK UNICORN SOCIEDAD CIVIL states to be a company duly incorporated under Mexican laws, located at Avenida Emilio Gustavo Baz 28, Colonia Independencia, Naucalp\u00e1n de Ju\u00e1rez, State of Mexico, C\u00f3digo Postal 53830; and to be responsible for the processing of your personal [&hellip;]","og_url":"https:\/\/ahappymonster.com\/en\/privacy-notice\/","og_site_name":"Happy Monster","article_modified_time":"2022-08-26T17:43:44+00:00","twitter_card":"summary_large_image","twitter_misc":{"Est. reading time":"2 minutes"},"schema":{"@context":"https:\/\/schema.org","@graph":[{"@type":"WebPage","@id":"https:\/\/ahappymonster.com\/en\/privacy-notice\/","url":"https:\/\/ahappymonster.com\/en\/privacy-notice\/","name":"Privacy Notice - Happy Monster","isPartOf":{"@id":"https:\/\/ahappymonster.com\/#website"},"datePublished":"2022-06-25T00:19:18+00:00","dateModified":"2022-08-26T17:43:44+00:00","breadcrumb":{"@id":"https:\/\/ahappymonster.com\/en\/privacy-notice\/#breadcrumb"},"inLanguage":"en-US","potentialAction":[{"@type":"ReadAction","target":["https:\/\/ahappymonster.com\/en\/privacy-notice\/"]}]},{"@type":"BreadcrumbList","@id":"https:\/\/ahappymonster.com\/en\/privacy-notice\/#breadcrumb","itemListElement":[{"@type":"ListItem","position":1,"name":"Portada","item":"https:\/\/ahappymonster.com\/en\/"},{"@type":"ListItem","position":2,"name":"Privacy Notice"}]},{"@type":"WebSite","@id":"https:\/\/ahappymonster.com\/#website","url":"https:\/\/ahappymonster.com\/","name":"Happy Monster","description":"Casa productora de audio y video","potentialAction":[{"@type":"SearchAction","target":{"@type":"EntryPoint","urlTemplate":"https:\/\/ahappymonster.com\/?s={search_term_string}"},"query-input":"required name=search_term_string"}],"inLanguage":"en-US"}]}},"_links":{"self":[{"href":"https:\/\/ahappymonster.com\/en\/wp-json\/wp\/v2\/pages\/3474"}],"collection":[{"href":"https:\/\/ahappymonster.com\/en\/wp-json\/wp\/v2\/pages"}],"about":[{"href":"https:\/\/ahappymonster.com\/en\/wp-json\/wp\/v2\/types\/page"}],"author":[{"embeddable":true,"href":"https:\/\/ahappymonster.com\/en\/wp-json\/wp\/v2\/users\/1"}],"replies":[{"embeddable":true,"href":"https:\/\/ahappymonster.com\/en\/wp-json\/wp\/v2\/comments?post=3474"}],"version-history":[{"count":6,"href":"https:\/\/ahappymonster.com\/en\/wp-json\/wp\/v2\/pages\/3474\/revisions"}],"predecessor-version":[{"id":3478,"href":"https:\/\/ahappymonster.com\/en\/wp-json\/wp\/v2\/pages\/3474\/revisions\/3478"}],"wp:attachment":[{"href":"https:\/\/ahappymonster.com\/en\/wp-json\/wp\/v2\/media?parent=3474"}],"curies":[{"name":"wp","href":"https:\/\/api.w.org\/{rel}","templated":true}]}}